{"id":38,"date":"2022-12-20T12:48:50","date_gmt":"2022-12-20T11:48:50","guid":{"rendered":"https:\/\/tadeuszkosciuszko.com\/en\/home-eng\/"},"modified":"2022-12-20T15:55:37","modified_gmt":"2022-12-20T14:55:37","slug":"home-eng","status":"publish","type":"page","link":"https:\/\/tadeuszkosciuszko.com\/en\/","title":{"rendered":"Tadeusz Ko\u015bciuszko"},"content":{"rendered":"\n    \n    <section class=\"u-clearfix u-image u-shading u-section-2\" id=\"carousel_ff3e\" data-image-width=\"1280\" data-image-height=\"853\" data-animation-name=\"\" data-animation-duration=\"0\" data-animation-delay=\"0\" data-animation-direction=\"\" style=\"background-image: linear-gradient(0deg, rgba(181, 0, 41, 0.8), rgba(181, 0, 41, 0.8)), url(&quot;https:\/\/tadeuszkosciuszko.com\/en\/wp-content\/uploads\/sites\/2\/2022\/12\/f6ee2c5a415601d9fc422ef85c6fa1cbddcdfaa37af67917e996cd4fec118527b1d8c613e4baf4fc3c2a07c5799024ec9a5e85a989faa54c3430ae_1280.jpg&quot;);\">\n      <div class=\"u-clearfix u-sheet u-sheet-1\">\n        <div class=\"u-clearfix u-layout-wrap u-layout-wrap-1\">\n          <div class=\"u-layout\">\n            <div class=\"u-layout-row\">\n              <div class=\"u-container-style u-image u-layout-cell u-left-cell u-size-31 u-image-1\" data-image-width=\"1920\" data-image-height=\"2540\" style=\"background-image: url(&quot;https:\/\/tadeuszkosciuszko.com\/en\/wp-content\/uploads\/sites\/2\/2022\/12\/kosciuszko.jpg&quot;);\">\n                <div class=\"u-container-layout u-valign-top u-container-layout-1\"><\/div>\n              <\/div>\n              <div class=\"u-align-left u-container-style u-layout-cell u-right-cell u-size-29 u-layout-cell-2\">\n                <div class=\"u-container-layout u-container-layout-2\">\n                  <h1 class=\"u-text u-text-body-alt-color u-text-1\" data-lang-en=\"\u200bHappy Training &amp;amp; Consulting\" data-lang-pl=\"\u200bTadeusz<br>Ko\u015bciuszko\"> Tadeusz Kosciuszko<\/h1>\n                  <p class=\"u-text u-text-body-alt-color u-text-2\" data-lang-en=\"\u200bDuis aute irure dolor in reprehenderit in voluptate velit esse cillum dolore eu fugiat nulla pariatur. Excepteur sint occaecat cupidatat non proident, sunt in culpa qui officia.\" data-lang-pl=\"\u200bby\u0142 polskim in\u017cynierem wojskowym, m\u0119\u017cem stanu i dow\u00f3dc\u0105 wojskowym, kt\u00f3ry sta\u0142 si\u0119 bohaterem narodowym<br>w Polsce, Litwie, Bia\u0142orusi, Francji<br>i Stanach Zjednoczonych.\">was a Polish military engineer, statesman and military commander who became a national hero<br>in Poland, Lithuania, Belarus, France<br>and the United States. \n                  <\/p>\n                <\/div>\n              <\/div>\n            <\/div>\n          <\/div>\n        <\/div>\n      <\/div>\n    <\/section>\n    <section class=\"u-clearfix u-section-3\" id=\"carousel_52d0\">\n      <div class=\"u-clearfix u-sheet u-sheet-1\">\n        <div class=\"u-clearfix u-expanded-width u-gutter-16 u-layout-wrap u-layout-wrap-1\">\n          <div class=\"u-gutter-0 u-layout\">\n            <div class=\"u-layout-row\">\n              <div class=\"u-container-style u-layout-cell u-size-20 u-layout-cell-1\">\n                <div class=\"u-container-layout u-valign-top-xl u-container-layout-1\">\n                  <h2 class=\"u-text u-text-grey-50 u-text-1\" data-lang-en=\"\u200b7 Ways To Be Happy Now\" data-lang-pl=\"\u200bMost Ko\u015bciuszki i tablice pami\u0105tkowe\"> Ko\u015bciuszko Bridge and memorial plaques<\/h2>\n                <\/div>\n              <\/div>\n              <div class=\"u-container-style u-layout-cell u-size-19 u-layout-cell-2\">\n                <div class=\"u-border-2 u-border-custom-color-2 u-border-no-bottom u-border-no-right u-border-no-top u-container-layout u-valign-top u-container-layout-2\">\n                  <p class=\"u-align-left-xl u-text u-text-grey-50 u-text-2\" data-lang-en=\"\u200bAccumsan in nisl nisi scelerisque. Sapien nec sagittis aliquam malesuada bibendum arcu vitae. Maecenas ultricies mi eget mauris pharetra et ultrices neque. \" data-lang-pl=\"\u200bW 2022 r. Fundacja B\u0119dziem Polakami wraz z&amp;nbsp;Dobra Polska Szkola Fundation z Nowego Jorku przy wsparciu finansowym polskiego rz\u0105du umie\u015bci\u0142a pami\u0105tkowe tablice po\u015bwi\u0119cone Tadeuszowi Ko\u015bciuszce na mo\u015bcie jego imienia w Nowym Jorku.\u200b\"> In 2022, the B\u0119dziem Polakami Foundation, together with the Dobra Polska Szkola Fund in New York, with the financial support of the Polish government, placed commemorative plaques dedicated to Tadeusz Ko\u015bciuszko on the bridge named after him in New York. <\/p>\n                <\/div>\n              <\/div>\n              <div class=\"u-container-style u-layout-cell u-size-21 u-layout-cell-3\">\n                <div class=\"u-container-layout u-valign-middle-xl u-container-layout-3\">\n                  <img class=\"u-expanded-width u-image u-image-default u-image-1\" src=\"https:\/\/tadeuszkosciuszko.com\/en\/wp-content\/uploads\/sites\/2\/2022\/12\/311022023_535692855224891_3638627515370729029_n.jpg\" alt=\"\" data-image-width=\"2048\" data-image-height=\"1365\">\n                <\/div>\n              <\/div>\n            <\/div>\n          <\/div>\n        <\/div>\n      <\/div>\n    <\/section>\n    <section class=\"u-align-center u-clearfix u-gradient u-section-4\" id=\"sec-9373\">\n      <div class=\"u-clearfix u-sheet u-valign-middle-lg u-valign-middle-md u-valign-middle-xl u-valign-middle-xs u-sheet-1\">\n        <div class=\"u-align-left u-expanded-width-sm u-expanded-width-xs u-video u-video-1\">\n          <div class=\"embed-responsive embed-responsive-1\">\n            <iframe style=\"position: absolute;top: 0;left: 0;width: 100%;height: 100%;\" class=\"embed-responsive-item\" src=\"https:\/\/www.youtube.com\/embed\/qL7StIm1fMY?mute=0&amp;showinfo=0&amp;controls=0&amp;start=0\" frameborder=\"0\" allowfullscreen=\"\"><\/iframe>\n          <\/div>\n        <\/div>\n        <p class=\"u-text u-text-1\">Video report from the unveiling ceremony of the plaque dedicated to Tadeusz Kosciuszko on the Kosciuszko Bridge in New York.<br>\n        <\/p>\n      <\/div>\n    <\/section>\n    \n    \n  \n","protected":false},"excerpt":{"rendered":"<p>Tadeusz Kosciuszko was a Polish military engineer, statesman and military commander who became a national heroin Poland, Lithuania, Belarus, Franceand the United States. Ko\u015bciuszko Bridge and memorial plaques In 2022, the B\u0119dziem Polakami Foundation, together with the Dobra Polska Szkola Fund in New York, with the financial support of the Polish government, placed commemorative plaques &hellip; <a href=\"https:\/\/tadeuszkosciuszko.com\/en\/\" class=\"more-link\">Continue reading<span class=\"screen-reader-text\"> &#8220;Tadeusz Ko\u015bciuszko&#8221;<\/span><\/a><\/p>\n","protected":false},"author":1,"featured_media":0,"parent":0,"menu_order":9,"comment_status":"closed","ping_status":"closed","template":"","meta":[],"_links":{"self":[{"href":"https:\/\/tadeuszkosciuszko.com\/en\/wp-json\/wp\/v2\/pages\/38"}],"collection":[{"href":"https:\/\/tadeuszkosciuszko.com\/en\/wp-json\/wp\/v2\/pages"}],"about":[{"href":"https:\/\/tadeuszkosciuszko.com\/en\/wp-json\/wp\/v2\/types\/page"}],"author":[{"embeddable":true,"href":"https:\/\/tadeuszkosciuszko.com\/en\/wp-json\/wp\/v2\/users\/1"}],"replies":[{"embeddable":true,"href":"https:\/\/tadeuszkosciuszko.com\/en\/wp-json\/wp\/v2\/comments?post=38"}],"version-history":[{"count":3,"href":"https:\/\/tadeuszkosciuszko.com\/en\/wp-json\/wp\/v2\/pages\/38\/revisions"}],"predecessor-version":[{"id":99,"href":"https:\/\/tadeuszkosciuszko.com\/en\/wp-json\/wp\/v2\/pages\/38\/revisions\/99"}],"wp:attachment":[{"href":"https:\/\/tadeuszkosciuszko.com\/en\/wp-json\/wp\/v2\/media?parent=38"}],"curies":[{"name":"wp","href":"https:\/\/api.w.org\/{rel}","templated":true}]}}