{"id":37,"date":"2022-12-20T12:48:49","date_gmt":"2022-12-20T11:48:49","guid":{"rendered":"https:\/\/tadeuszkosciuszko.com\/en\/biografia-eng\/"},"modified":"2023-01-17T12:17:10","modified_gmt":"2023-01-17T11:17:10","slug":"biography","status":"publish","type":"page","link":"https:\/\/tadeuszkosciuszko.com\/en\/biography\/","title":{"rendered":"Biography"},"content":{"rendered":"\n    \n    <section class=\"u-clearfix u-image u-shading u-section-2\" id=\"carousel_db11\" data-image-width=\"1280\" data-image-height=\"853\" data-animation-name=\"\" data-animation-duration=\"0\" data-animation-delay=\"0\" data-animation-direction=\"\" style=\"background-image: linear-gradient(0deg, rgba(181, 0, 41, 0.8), rgba(181, 0, 41, 0.8)), url(&quot;https:\/\/tadeuszkosciuszko.com\/en\/wp-content\/uploads\/sites\/2\/2022\/12\/f6ee2c5a415601d9fc422ef85c6fa1cbddcdfaa37af67917e996cd4fec118527b1d8c613e4baf4fc3c2a07c5799024ec9a5e85a989faa54c3430ae_1280.jpg&quot;);\">\n      <div class=\"u-clearfix u-sheet u-sheet-1\"><\/div>\n    <\/section>\n    <section class=\"u-clearfix u-section-3\" id=\"carousel_9f39\" data-animation-name=\"\" data-animation-duration=\"0\" data-animation-delay=\"0\" data-animation-direction=\"\">\n      <div class=\"u-clearfix u-sheet u-sheet-1\">\n        <div class=\"u-clearfix u-expanded-width u-layout-wrap u-layout-wrap-1\">\n          <div class=\"u-gutter-0 u-layout\">\n            <div class=\"u-layout-col\">\n              <div class=\"u-size-30\">\n                <div class=\"u-layout-row\">\n                  <div class=\"u-container-style u-layout-cell u-size-30 u-layout-cell-1\">\n                    <div class=\"u-container-layout u-valign-top u-container-layout-1\">\n                      <h2 class=\"u-align-center u-text u-text-default u-text-grey-50 u-text-1\" data-lang-pl=\"\u200bBiografia\" data-lang-en=\"\u200bBiography\"> Biography<\/h2>\n                      <p class=\"u-align-justify u-text u-text-grey-50 u-text-2\" data-lang-en=\"\u200b\u200bAndrzej Tadeusz Bonawentura Ko\u015bciuszko (English: Andrew Thaddeus Bonaventure Kosciuszko; 4 or 12 February 1746 \u2013 15 October 1817) was a Polish military engineer, statesman, and military leader who became a national hero in Poland, Lithuania, Belarus, France and the United States. He fought in the Polish\u2013Lithuanian Commonwealth's struggles against Russia and Prussia, and on the US side in the American Revolutionary War. As Supreme Commander of the Polish National Armed Forces, he led the 1794 Ko\u015bciuszko Uprising.&amp;nbsp;\" data-lang-pl=\"\u200bTadeusz Ko\u015bciuszko, w\u0142a\u015bc. Andrzej Tadeusz Bonawentura Ko\u015bciuszko herbu Roch III (ur. 4 lutego 1746 w Mereczowszczy\u017anie, zm. 15 pa\u017adziernika 1817 w Solurze) \u2013 in\u017cynier wojskowy, Najwy\u017cszy Naczelnik Si\u0142y Zbrojnej Narodowej w czasie insurekcji ko\u015bciuszkowskiej, genera\u0142 lejtnant wojska Rzeczypospolitej Obojga Narod\u00f3w, genera\u0142 major komenderuj\u0105cy w Dywizji Wielkopolskiej w 1792 roku, brevet genera\u0142 brygady Armii Kontynentalnej w czasie wojny o niepodleg\u0142o\u015b\u0107 Stan\u00f3w Zjednoczonych.\"> Andrzej Tadeusz Bonawentura Ko\u015bciuszko (English: Andrew Thaddeus Bonaventure Kosciuszko; 4 or 12 February 1746 \u2013 15 October 1817) was a Polish military engineer, statesman, and military leader who became a national hero in Poland, Lithuania, Belarus, France and the United States. He fought in the Polish\u2013Lithuanian Commonwealth's struggles against Russia and Prussia, and on the US side in the American Revolutionary War. As Supreme Commander of the Polish National Armed Forces, he led the 1794 Ko\u015bciuszko Uprising.&nbsp;<\/p>\n                    <\/div>\n                  <\/div>\n                  <div class=\"u-container-style u-layout-cell u-size-30 u-layout-cell-2\">\n                    <div class=\"u-container-layout u-valign-middle-lg u-valign-middle-xl u-valign-top-sm u-valign-top-xs u-container-layout-2\">\n                      <img class=\"u-expanded-width-lg u-expanded-width-md u-expanded-width-sm u-expanded-width-xs u-image u-image-contain u-image-default u-image-1\" src=\"https:\/\/tadeuszkosciuszko.com\/en\/wp-content\/uploads\/sites\/2\/2022\/12\/xKosciuszko_Tateusz.jpg.pagespeed.ic_.bEI_euFlvA.webp\" alt=\"\" data-image-width=\"750\" data-image-height=\"548\">\n                    <\/div>\n                  <\/div>\n                <\/div>\n              <\/div>\n              <div class=\"u-size-30\">\n                <div class=\"u-layout-row\">\n                  <div class=\"u-container-style u-layout-cell u-size-60 u-layout-cell-3\">\n                    <div class=\"u-container-layout u-container-layout-3\">\n                      <p class=\"u-align-justify u-text u-text-grey-50 u-text-3\" data-lang-en=\"\u200bKo\u015bciuszko was born in February 1746, in a manor house on the Mereczowszczyzna estate in Brest Litovsk Voivodeship, then Grand Duchy of Lithuania, a part of the Polish\u2013Lithuanian Commonwealth (now Ivatsevichy District of Belarus). At age 20, he graduated from the Corps of Cadets in Warsaw, Poland. After the start of the civil war in 1768, Ko\u015bciuszko moved to France in 1769 to study. He returned to the Commonwealth in 1774, two years after the First Partition, and was a tutor in J\u00f3zef Sylwester Sosnowski's household. In 1776, Ko\u015bciuszko moved to North America, where he took part in the American Revolutionary War as a colonel in the Continental Army. An accomplished military architect, he designed and oversaw the construction of state-of-the-art fortifications, including those at West Point, New York. In 1783, in recognition of his services, the Continental Congress promoted him to brigadier general.&amp;nbsp;<br>Upon returning to Poland in 1784, Ko\u015bciuszko was commissioned as a major general in the Polish\u2013Lithuanian Commonwealth Army in 1789. After the Polish\u2013Russian War of 1792 resulted in the Commonwealth's Second Partition, he commanded an uprising against the Russian Empire in March 1794 until he was captured at the Battle of Maciejowice in October 1794. The defeat of the Ko\u015bciuszko Uprising that November led to Poland's Third Partition in 1795, which ended the Commonwealth. In 1796, following the death of Tsaritsa Catherine II, Ko\u015bciuszko was pardoned by her successor, Tsar Paul I, and he emigrated to the United States. A close friend of Thomas Jefferson, with whom he shared ideals of human rights, Ko\u015bciuszko wrote a will in 1798, dedicating his U.S. assets to the education and freedom of the U.S. slaves. Ko\u015bciuszko eventually returned to Europe and lived in Switzerland until his death in 1817. The execution of his testament later proved difficult, and the funds were never used for the purpose Ko\u015bciuszko intended.\" data-lang-pl=\"\u200bTadeusz Ko\u015bciuszko, w\u0142a\u015bc. Andrzej Tadeusz Bonawentura Ko\u015bciuszko herbu Roch III (ur. 4 lutego 1746 w Mereczowszczy\u017anie, zm. 15 pa\u017adziernika 1817 w Solurze) \u2013 in\u017cynier wojskowy, Najwy\u017cszy Naczelnik Si\u0142y Zbrojnej Narodowej w czasie insurekcji ko\u015bciuszkowskiej, genera\u0142 lejtnant wojska Rzeczypospolitej Obojga Narod\u00f3w, genera\u0142 major komenderuj\u0105cy w Dywizji Wielkopolskiej w 1792 roku, brevet genera\u0142 brygady Armii Kontynentalnej w czasie wojny o niepodleg\u0142o\u015b\u0107 Stan\u00f3w Zjednoczonych.\"> Ko\u015bciuszko was born in February 1746, in a manor house on the Mereczowszczyzna estate in Brest Litovsk Voivodeship, then Grand Duchy of Lithuania, a part of the Polish\u2013Lithuanian Commonwealth (now Ivatsevichy District of Belarus). At age 20, he graduated from the Corps of Cadets in Warsaw, Poland. After the start of the civil war in 1768, Ko\u015bciuszko moved to France in 1769 to study. He returned to the Commonwealth in 1774, two years after the First Partition, and was a tutor in J\u00f3zef Sylwester Sosnowski's household. In 1776, Ko\u015bciuszko moved to North America, where he took part in the American Revolutionary War as a colonel in the Continental Army. An accomplished military architect, he designed and oversaw the construction of state-of-the-art fortifications, including those at West Point, New York. In 1783, in recognition of his services, the Continental Congress promoted him to brigadier general.&nbsp;<br>Upon returning to Poland in 1784, Ko\u015bciuszko was commissioned as a major general in the Polish\u2013Lithuanian Commonwealth Army in 1789. After the Polish\u2013Russian War of 1792 resulted in the Commonwealth's Second Partition, he commanded an uprising against the Russian Empire in March 1794 until he was captured at the Battle of Maciejowice in October 1794. The defeat of the Ko\u015bciuszko Uprising that November led to Poland's Third Partition in 1795, which ended the Commonwealth. In 1796, following the death of Tsaritsa Catherine II, Ko\u015bciuszko was pardoned by her successor, Tsar Paul I, and he emigrated to the United States. A close friend of Thomas Jefferson, with whom he shared ideals of human rights, Ko\u015bciuszko wrote a will in 1798, dedicating his U.S. assets to the education and freedom of the U.S. slaves. Ko\u015bciuszko eventually returned to Europe and lived in Switzerland until his death in 1817. The execution of his testament later proved difficult, and the funds were never used for the purpose Ko\u015bciuszko intended. \n                      <\/p>\n                    <\/div>\n                  <\/div>\n                <\/div>\n              <\/div>\n            <\/div>\n          <\/div>\n        <\/div>\n      <\/div>\n    <\/section>\n    <section class=\"u-clearfix u-grey-10 u-section-4\" id=\"sec-97e1\">\n      <div class=\"u-clearfix u-sheet u-sheet-1\">\n        <div class=\"u-blog u-expanded-width u-layout-grid u-pagination-center u-blog-1\" data-max-items=\"4\">\n          <div class=\"u-repeater u-repeater-1\">\n            <div class=\"u-align-left-xs u-blog-post u-container-style u-repeater-item u-white u-repeater-item-1\">\n              <div class=\"u-container-layout u-similar-container u-container-layout-1\"><a class=\"u-blog-control u-expanded-width-sm u-expanded-width-xs u-image u-image-default u-image-1\" href=\"https:\/\/tadeuszkosciuszko.com\/en\/2023\/08\/10\/tadeusz-kosciuszko-a-short-biographical-outline\/\">\n                <img alt=\"\" class=\"u-blog-control u-expanded-width-sm u-expanded-width-xs u-image u-image-default u-image-1\" src=\"https:\/\/tadeuszkosciuszko.com\/en\/wp-content\/uploads\/sites\/2\/2023\/08\/Michal_Stachowicz_-_Tadeusz_Kosciuszkos_Oath_on_the_Krakow_Main_Square.webp\"><\/a>\n                <h4 class=\"u-align-left-lg u-align-left-md u-align-left-sm u-align-left-xl u-blog-control u-text u-text-grey-50 u-text-1\" data-lang-pl=\"\n            <a class=&quot;u-post-header-link&quot; href=&quot;6&quot;>Post 6 Headline<\/a>\n          \" data-lang-en=\"\n            <a class=&quot;u-post-header-link&quot; href=&quot;6&quot;>Post 6 Headline<\/a>\n          \">\n                  <a class=\"u-post-header-link\" href=\"https:\/\/tadeuszkosciuszko.com\/en\/2023\/08\/10\/tadeusz-kosciuszko-a-short-biographical-outline\/\">Tadeusz Kosciuszko - a short biographical outline<\/a>\n                <\/h4>\n                <div class=\"u-blog-control u-metadata u-text-grey-40 u-metadata-1\">\n                  <span class=\"u-meta-date u-meta-icon\">2023-08-10<\/span>\n                <\/div>\n                <div class=\"u-align-left-lg u-align-left-md u-align-left-sm u-align-left-xl u-blog-control u-post-content u-text u-text-2\"><p>Tadeusz Ko\u015bciuszko was an outstanding Polish national hero who played an important role in both Poland and the United States. His life and &hellip;<\/p>\n                <\/div>\n                <a href=\"https:\/\/tadeuszkosciuszko.com\/en\/2023\/08\/10\/tadeusz-kosciuszko-a-short-biographical-outline\/\" class=\"u-blog-control u-border-none u-btn u-button-style u-custom-color-2 u-btn-1\" data-lang-pl=\"{&quot;content&quot;:&quot;Wi\u0119cej&quot;,&quot;href&quot;:&quot;6&quot;}\" data-lang-en=\"{&quot;content&quot;:&quot;more<br>&quot;,&quot;href&quot;:&quot;6&quot;}\">Read more<\/a>\n              <\/div>\n            <\/div>\n            <div class=\"u-align-left-xs u-blog-post u-container-style u-repeater-item u-white u-repeater-item-1\">\n              <div class=\"u-container-layout u-similar-container u-container-layout-1\"><a class=\"u-blog-control u-expanded-width-sm u-expanded-width-xs u-image u-image-default u-image-1\" href=\"https:\/\/tadeuszkosciuszko.com\/en\/2022\/11\/19\/kosciuszko-means-freedom-movie\/\">\n                <img alt=\"\" class=\"u-blog-control u-expanded-width-sm u-expanded-width-xs u-image u-image-default u-image-1\" src=\"https:\/\/tadeuszkosciuszko.com\/en\/wp-content\/uploads\/sites\/2\/2023\/01\/Zrzut-ekranu-2023-01-19-o-16.18.06-scaled.webp\"><\/a>\n                <h4 class=\"u-align-left-lg u-align-left-md u-align-left-sm u-align-left-xl u-blog-control u-text u-text-grey-50 u-text-1\" data-lang-pl=\"\n            <a class=&quot;u-post-header-link&quot; href=&quot;6&quot;>Post 6 Headline<\/a>\n          \" data-lang-en=\"\n            <a class=&quot;u-post-header-link&quot; href=&quot;6&quot;>Post 6 Headline<\/a>\n          \">\n                  <a class=\"u-post-header-link\" href=\"https:\/\/tadeuszkosciuszko.com\/en\/2022\/11\/19\/kosciuszko-means-freedom-movie\/\">Kosciuszko Means Freedom<\/a>\n                <\/h4>\n                <div class=\"u-blog-control u-metadata u-text-grey-40 u-metadata-1\">\n                  <span class=\"u-meta-date u-meta-icon\">2022-11-19<\/span>\n                <\/div>\n                <div class=\"u-align-left-lg u-align-left-md u-align-left-sm u-align-left-xl u-blog-control u-post-content u-text u-text-2\"><p>General Thaddeus Kosciuszko (1746-1817) is a hero of two nations who fought in the Continental Army for the independence of the United States of &hellip;<\/p>\n                <\/div>\n                <a href=\"https:\/\/tadeuszkosciuszko.com\/en\/2022\/11\/19\/kosciuszko-means-freedom-movie\/\" class=\"u-blog-control u-border-none u-btn u-button-style u-custom-color-2 u-btn-1\" data-lang-pl=\"{&quot;content&quot;:&quot;Wi\u0119cej&quot;,&quot;href&quot;:&quot;6&quot;}\" data-lang-en=\"{&quot;content&quot;:&quot;more<br>&quot;,&quot;href&quot;:&quot;6&quot;}\">Read more<\/a>\n              <\/div>\n            <\/div>\n            <div class=\"u-align-left-xs u-blog-post u-container-style u-repeater-item u-white u-repeater-item-1\">\n              <div class=\"u-container-layout u-similar-container u-container-layout-1\"><a class=\"u-blog-control u-expanded-width-sm u-expanded-width-xs u-image u-image-default u-image-1\" href=\"https:\/\/tadeuszkosciuszko.com\/en\/2022\/10\/31\/the-society-of-the-cincinnati\/\">\n                <img alt=\"\" class=\"u-blog-control u-expanded-width-sm u-expanded-width-xs u-image u-image-default u-image-1\" src=\"https:\/\/tadeuszkosciuszko.com\/en\/wp-content\/uploads\/sites\/2\/2023\/01\/Society_of_the_Cincinnati_membership_certificate-scaled.webp\"><\/a>\n                <h4 class=\"u-align-left-lg u-align-left-md u-align-left-sm u-align-left-xl u-blog-control u-text u-text-grey-50 u-text-1\" data-lang-pl=\"\n            <a class=&quot;u-post-header-link&quot; href=&quot;6&quot;>Post 6 Headline<\/a>\n          \" data-lang-en=\"\n            <a class=&quot;u-post-header-link&quot; href=&quot;6&quot;>Post 6 Headline<\/a>\n          \">\n                  <a class=\"u-post-header-link\" href=\"https:\/\/tadeuszkosciuszko.com\/en\/2022\/10\/31\/the-society-of-the-cincinnati\/\">The Society of the Cincinnati<\/a>\n                <\/h4>\n                <div class=\"u-blog-control u-metadata u-text-grey-40 u-metadata-1\">\n                  <span class=\"u-meta-date u-meta-icon\">2022-10-31<\/span>\n                <\/div>\n                <div class=\"u-align-left-lg u-align-left-md u-align-left-sm u-align-left-xl u-blog-control u-post-content u-text u-text-2\"><p>The Society of the Cincinnati is the USA's oldest patriotic organization, founded in 1783 by officers of the Continental Army who served together in&hellip;<\/p>\n                <\/div>\n                <a href=\"https:\/\/tadeuszkosciuszko.com\/en\/2022\/10\/31\/the-society-of-the-cincinnati\/\" class=\"u-blog-control u-border-none u-btn u-button-style u-custom-color-2 u-btn-1\" data-lang-pl=\"{&quot;content&quot;:&quot;Wi\u0119cej&quot;,&quot;href&quot;:&quot;6&quot;}\" data-lang-en=\"{&quot;content&quot;:&quot;more<br>&quot;,&quot;href&quot;:&quot;6&quot;}\">Read more<\/a>\n              <\/div>\n            <\/div>\n            <div class=\"u-align-left-xs u-blog-post u-container-style u-repeater-item u-white u-repeater-item-1\">\n              <div class=\"u-container-layout u-similar-container u-container-layout-1\"><a class=\"u-blog-control u-expanded-width-sm u-expanded-width-xs u-image u-image-default u-image-1\" href=\"https:\/\/tadeuszkosciuszko.com\/en\/2022\/10\/10\/ludwika-sosnowska-the-unhappy-love-of-tadeusz-kosciuszko\/\">\n                <img alt=\"\" class=\"u-blog-control u-expanded-width-sm u-expanded-width-xs u-image u-image-default u-image-1\" src=\"https:\/\/tadeuszkosciuszko.com\/en\/wp-content\/uploads\/sites\/2\/2023\/01\/Ludwika_z_Sosnowskich_Lubomirska.jpg\"><\/a>\n                <h4 class=\"u-align-left-lg u-align-left-md u-align-left-sm u-align-left-xl u-blog-control u-text u-text-grey-50 u-text-1\" data-lang-pl=\"\n            <a class=&quot;u-post-header-link&quot; href=&quot;6&quot;>Post 6 Headline<\/a>\n          \" data-lang-en=\"\n            <a class=&quot;u-post-header-link&quot; href=&quot;6&quot;>Post 6 Headline<\/a>\n          \">\n                  <a class=\"u-post-header-link\" href=\"https:\/\/tadeuszkosciuszko.com\/en\/2022\/10\/10\/ludwika-sosnowska-the-unhappy-love-of-tadeusz-kosciuszko\/\">Ludwika Sosnowska - the unhappy love of Tadeusz Kosciuszko<\/a>\n                <\/h4>\n                <div class=\"u-blog-control u-metadata u-text-grey-40 u-metadata-1\">\n                  <span class=\"u-meta-date u-meta-icon\">2022-10-10<\/span>\n                <\/div>\n                <div class=\"u-align-left-lg u-align-left-md u-align-left-sm u-align-left-xl u-blog-control u-post-content u-text u-text-2\"><p>Ludwika Sosnowska, daughter of J\u00f3zef Sosnowski - Lithuanian hetman, senator, voivode, was the first youthful love of Tadeusz Ko\u015bciuszko, then twenty&hellip;<\/p>\n                <\/div>\n                <a href=\"https:\/\/tadeuszkosciuszko.com\/en\/2022\/10\/10\/ludwika-sosnowska-the-unhappy-love-of-tadeusz-kosciuszko\/\" class=\"u-blog-control u-border-none u-btn u-button-style u-custom-color-2 u-btn-1\" data-lang-pl=\"{&quot;content&quot;:&quot;Wi\u0119cej&quot;,&quot;href&quot;:&quot;6&quot;}\" data-lang-en=\"{&quot;content&quot;:&quot;more<br>&quot;,&quot;href&quot;:&quot;6&quot;}\">Read more<\/a>\n              <\/div>\n            <\/div>\n          <\/div>\n          <div class=\"u-list-control\"><ul style=\"\" class=\"responsive-style1 u-pagination u-unstyled\"><li style=\"\" class=\"u-nav-item u-pagination-item active\"><span aria-current=\"page\" style=\"padding: 16px 28px;\" class=\"u-button-style u-nav-link\">1<\/span><\/li><li style=\"\" class=\"u-nav-item u-pagination-item\"><a style=\"padding: 16px 28px;\" class=\"u-button-style u-nav-link\" href=\"https:\/\/tadeuszkosciuszko.com\/en\/wp-json\/wp\/v2\/pages\/37\/page\/2\/\">2<\/a><\/li><li style=\"\" class=\"u-nav-item u-pagination-item\"><a style=\"padding: 16px 28px;\" class=\"u-button-style u-nav-link\" href=\"https:\/\/tadeuszkosciuszko.com\/en\/wp-json\/wp\/v2\/pages\/37\/page\/2\/\">&#x3009;<\/a><\/li><\/ul>\n          <\/div>\n        <\/div>\n      <\/div>\n    <\/section>\n    \n    \n  \n","protected":false},"excerpt":{"rendered":"<p>Biography Andrzej Tadeusz Bonawentura Ko\u015bciuszko (English: Andrew Thaddeus Bonaventure Kosciuszko; 4 or 12 February 1746 \u2013 15 October 1817) was a Polish military engineer, statesman, and military leader who became a national hero in Poland, Lithuania, Belarus, France and the United States. He fought in the Polish\u2013Lithuanian Commonwealth&#8217;s struggles against Russia and Prussia, and on &hellip; <a href=\"https:\/\/tadeuszkosciuszko.com\/en\/biography\/\" class=\"more-link\">Continue reading<span class=\"screen-reader-text\"> &#8220;Biography&#8221;<\/span><\/a><\/p>\n","protected":false},"author":1,"featured_media":0,"parent":0,"menu_order":8,"comment_status":"closed","ping_status":"closed","template":"","meta":[],"_links":{"self":[{"href":"https:\/\/tadeuszkosciuszko.com\/en\/wp-json\/wp\/v2\/pages\/37"}],"collection":[{"href":"https:\/\/tadeuszkosciuszko.com\/en\/wp-json\/wp\/v2\/pages"}],"about":[{"href":"https:\/\/tadeuszkosciuszko.com\/en\/wp-json\/wp\/v2\/types\/page"}],"author":[{"embeddable":true,"href":"https:\/\/tadeuszkosciuszko.com\/en\/wp-json\/wp\/v2\/users\/1"}],"replies":[{"embeddable":true,"href":"https:\/\/tadeuszkosciuszko.com\/en\/wp-json\/wp\/v2\/comments?post=37"}],"version-history":[{"count":4,"href":"https:\/\/tadeuszkosciuszko.com\/en\/wp-json\/wp\/v2\/pages\/37\/revisions"}],"predecessor-version":[{"id":145,"href":"https:\/\/tadeuszkosciuszko.com\/en\/wp-json\/wp\/v2\/pages\/37\/revisions\/145"}],"wp:attachment":[{"href":"https:\/\/tadeuszkosciuszko.com\/en\/wp-json\/wp\/v2\/media?parent=37"}],"curies":[{"name":"wp","href":"https:\/\/api.w.org\/{rel}","templated":true}]}}