{"id":35,"date":"2022-12-20T12:48:47","date_gmt":"2022-12-20T11:48:47","guid":{"rendered":"https:\/\/tadeuszkosciuszko.com\/en\/o-nas-eng\/"},"modified":"2022-12-20T13:52:26","modified_gmt":"2022-12-20T12:52:26","slug":"about-us","status":"publish","type":"page","link":"https:\/\/tadeuszkosciuszko.com\/en\/about-us\/","title":{"rendered":"About Us"},"content":{"rendered":"\n    \n    <section class=\"u-clearfix u-image u-shading u-section-2\" id=\"carousel_db11\" data-image-width=\"1280\" data-image-height=\"853\" data-animation-name=\"\" data-animation-duration=\"0\" data-animation-delay=\"0\" data-animation-direction=\"\" style=\"background-image: linear-gradient(0deg, rgba(181, 0, 41, 0.8), rgba(181, 0, 41, 0.8)), url(&quot;https:\/\/tadeuszkosciuszko.com\/en\/wp-content\/uploads\/sites\/2\/2022\/12\/f6ee2c5a415601d9fc422ef85c6fa1cbddcdfaa37af67917e996cd4fec118527b1d8c613e4baf4fc3c2a07c5799024ec9a5e85a989faa54c3430ae_1280.jpg&quot;);\">\n      <div class=\"u-clearfix u-sheet u-sheet-1\"><\/div>\n    <\/section>\n    <section class=\"u-clearfix u-section-3\" id=\"carousel_9f39\" data-animation-name=\"\" data-animation-duration=\"0\" data-animation-delay=\"0\" data-animation-direction=\"\">\n      <div class=\"u-clearfix u-sheet u-sheet-1\">\n        <div class=\"u-clearfix u-layout-wrap u-layout-wrap-1\">\n          <div class=\"u-gutter-0 u-layout\">\n            <div class=\"u-layout-row\">\n              <div class=\"u-container-style u-layout-cell u-size-30-lg u-size-30-xl u-size-33-md u-size-33-sm u-size-33-xs u-layout-cell-1\">\n                <div class=\"u-container-layout u-valign-top-lg u-valign-top-md u-valign-top-sm u-valign-top-xs u-container-layout-1\">\n                  <h2 class=\"u-align-center u-text u-text-default u-text-grey-50 u-text-1\" data-lang-pl=\"\u200bO nas\" data-lang-en=\"\u200b\u200bAbout us\"> About us<\/h2>\n                  <p class=\"u-align-justify u-text u-text-grey-50 u-text-2\" data-lang-en=\"\u200bThe aim of the Foundation is to carry out educational, scientific, charitable, publishing and promotional activities for all Poles and people legally residing in the Republic of Poland and their families, regardless of their place of residence, social status, age, gender, views and state of health, with the aim of fostering the all-round development of Polish society in the spirit of love of truth, patriotism, beauty, justice, love, freedom and responsibility, as well as enabling the repatriation of compatriots who remained in the East.\" data-lang-pl=\"\u200bCelem Fundacji jest dzia\u0142alno\u015b\u0107 edukacyjna, naukowa, charytatywna, wydawnicza i promocyjna skierowana do wszystkich Polak\u00f3w i os\u00f3b przebywaj\u0105cych legalnie na terenie Rzeczypospolitej oraz ich rodzin bez wzgl\u0119du na miejsce zamieszkania, status spo\u0142eczny, wiek, p\u0142e\u0107, pogl\u0105dy i stan zdrowia, a maj\u0105ca na celu popieranie wszechstronnego rozwoju spo\u0142ecze\u0144stwa polskiego w duchu umi\u0142owania prawdy, patriotyzmu, pi\u0119kna, sprawiedliwo\u015bci, mi\u0142o\u015bci, wolno\u015bci&amp;nbsp;i odpowiedzialno\u015bci, a tak\u017ce umo\u017cliwienie repatriacji rodakom, kt\u00f3rzy pozostali na Wschodzie.\"> The aim of the Foundation is to carry out educational, scientific, charitable, publishing and promotional activities for all Poles and people legally residing in the Republic of Poland and their families, regardless of their place of residence, social status, age, gender, views and state of health, with the aim of fostering the all-round development of Polish society in the spirit of love of truth, patriotism, beauty, justice, love, freedom and responsibility, as well as enabling the repatriation of compatriots who remained in the East.<\/p>\n                <\/div>\n              <\/div>\n              <div class=\"u-container-style u-layout-cell u-size-27-md u-size-27-sm u-size-27-xs u-size-30-lg u-size-30-xl u-layout-cell-2\">\n                <div class=\"u-container-layout u-valign-top-sm u-container-layout-2\">\n                  <img class=\"u-expanded-width-lg u-expanded-width-md u-expanded-width-sm u-expanded-width-xs u-image u-image-contain u-image-default u-image-1\" src=\"https:\/\/tadeuszkosciuszko.com\/en\/wp-content\/uploads\/sites\/2\/2022\/12\/logo-bedziem-polakami-poziom-rgb-scaled-1.jpg\" alt=\"\" data-image-width=\"2560\" data-image-height=\"1352\">\n                <\/div>\n              <\/div>\n            <\/div>\n          <\/div>\n        <\/div>\n      <\/div>\n    <\/section>\n    <section class=\"u-clearfix u-grey-10 u-section-4\" id=\"sec-92bd\">\n      <div class=\"u-clearfix u-sheet u-sheet-1\">\n        <div class=\"u-blog u-expanded-width u-layout-grid u-pagination-center u-blog-1\" data-max-items=\"4\">\n          <div class=\"u-repeater u-repeater-1\">\n          <\/div>\n          <div class=\"u-list-control\">\n          <\/div>\n        <\/div>\n      <\/div>\n    <\/section>\n    \n    \n  \n","protected":false},"excerpt":{"rendered":"<p>About us The aim of the Foundation is to carry out educational, scientific, charitable, publishing and promotional activities for all Poles and people legally residing in the Republic of Poland and their families, regardless of their place of residence, social status, age, gender, views and state of health, with the aim of fostering the all-round &hellip; <a href=\"https:\/\/tadeuszkosciuszko.com\/en\/about-us\/\" class=\"more-link\">Continue reading<span class=\"screen-reader-text\"> &#8220;About Us&#8221;<\/span><\/a><\/p>\n","protected":false},"author":1,"featured_media":0,"parent":0,"menu_order":6,"comment_status":"closed","ping_status":"closed","template":"","meta":[],"_links":{"self":[{"href":"https:\/\/tadeuszkosciuszko.com\/en\/wp-json\/wp\/v2\/pages\/35"}],"collection":[{"href":"https:\/\/tadeuszkosciuszko.com\/en\/wp-json\/wp\/v2\/pages"}],"about":[{"href":"https:\/\/tadeuszkosciuszko.com\/en\/wp-json\/wp\/v2\/types\/page"}],"author":[{"embeddable":true,"href":"https:\/\/tadeuszkosciuszko.com\/en\/wp-json\/wp\/v2\/users\/1"}],"replies":[{"embeddable":true,"href":"https:\/\/tadeuszkosciuszko.com\/en\/wp-json\/wp\/v2\/comments?post=35"}],"version-history":[{"count":4,"href":"https:\/\/tadeuszkosciuszko.com\/en\/wp-json\/wp\/v2\/pages\/35\/revisions"}],"predecessor-version":[{"id":94,"href":"https:\/\/tadeuszkosciuszko.com\/en\/wp-json\/wp\/v2\/pages\/35\/revisions\/94"}],"wp:attachment":[{"href":"https:\/\/tadeuszkosciuszko.com\/en\/wp-json\/wp\/v2\/media?parent=35"}],"curies":[{"name":"wp","href":"https:\/\/api.w.org\/{rel}","templated":true}]}}