{"id":34,"date":"2022-12-20T12:48:46","date_gmt":"2022-12-20T11:48:46","guid":{"rendered":"https:\/\/tadeuszkosciuszko.com\/en\/nasz-projekt-eng\/"},"modified":"2022-12-20T13:51:01","modified_gmt":"2022-12-20T12:51:01","slug":"project","status":"publish","type":"page","link":"https:\/\/tadeuszkosciuszko.com\/en\/project\/","title":{"rendered":"Project"},"content":{"rendered":"\n    \n    <section class=\"u-clearfix u-image u-shading u-section-2\" id=\"carousel_db11\" data-image-width=\"1280\" data-image-height=\"853\" data-animation-name=\"\" data-animation-duration=\"0\" data-animation-delay=\"0\" data-animation-direction=\"\" style=\"background-image: linear-gradient(0deg, rgba(181, 0, 41, 0.8), rgba(181, 0, 41, 0.8)), url(&quot;https:\/\/tadeuszkosciuszko.com\/en\/wp-content\/uploads\/sites\/2\/2022\/12\/f6ee2c5a415601d9fc422ef85c6fa1cbddcdfaa37af67917e996cd4fec118527b1d8c613e4baf4fc3c2a07c5799024ec9a5e85a989faa54c3430ae_1280.jpg&quot;);\">\n      <div class=\"u-clearfix u-sheet u-sheet-1\"><\/div>\n    <\/section>\n    <section class=\"u-clearfix u-section-3\" id=\"carousel_9f39\" data-animation-name=\"\" data-animation-duration=\"0\" data-animation-delay=\"0\" data-animation-direction=\"\">\n      <div class=\"u-clearfix u-sheet u-sheet-1\">\n        <div class=\"u-clearfix u-expanded-width u-layout-wrap u-layout-wrap-1\">\n          <div class=\"u-gutter-0 u-layout\">\n            <div class=\"u-layout-row\">\n              <div class=\"u-container-style u-layout-cell u-size-30 u-layout-cell-1\">\n                <div class=\"u-container-layout u-valign-top-lg u-valign-top-md u-valign-top-sm u-valign-top-xs u-container-layout-1\">\n                  <h2 class=\"u-align-left u-text u-text-default u-text-grey-50 u-text-1\" data-lang-pl=\"\u200bOpowiedzmy Amerykanom o naszej historii \u2013 Tadeusz Ko\u015bciuszko\" data-lang-en=\"\u200bLet's tell&amp;nbsp;<br>the Americans about our history:&amp;nbsp;<br>&amp;nbsp;Tadeusz Kosciuszko\"> Let's tell&nbsp;<br>the Americans about our history:&nbsp;<br>&nbsp;Tadeusz Kosciuszko<br>\n                  <\/h2>\n                  <p class=\"u-align-justify u-text u-text-grey-50 u-text-2\" data-lang-en=\"\u200bThe project is tasked with designing, fabricating and hanging a plaque dedicated to Tadeusz Kosciuszko on the newly opened 2018 Kosciuszko Bridge in New York City. This bridge is built on the site of the old Kosciuszko Bridge, which was commissioned in the 1930s. The Kosciuszko Bridge is one of New York City's most famous transportation destinations, and the new version of the bridge has been designed with a number of attractions at and under the bridge: created, among other things, are parks and a concert venue. The observation bridge is designed for pedestrians, but also for cyclists and joggers. Our project concerns the installation of commemorative plaques dedicated to Tadeusz Kosciuszko, with the approval of the New York State Department of Bridges.<br>The plaque has been hung in the busiest part of the bridge.<br><br>The new bridge is designed to last a hundred years, and will certainly serve Americans and foreign tourists for much longer. Our proposed plaque will be made of the same material as the plaques already hanging on the bridge. Their workmanship and the durability of the material will ensure a lifespan of several hundred years.<br>\" data-lang-pl=\"\u200bThe project is tasked with designing, fabricating and hanging a plaque dedicated to Tadeusz Kosciuszko on the newly opened 2018 Kosciuszko Bridge in New York City. This bridge is built on the site of the old Kosciuszko Bridge, which was commissioned in the 1930s. The Kosciuszko Bridge is one of New York City's most famous transportation destinations, and the new version of the bridge has been designed with a number of attractions at and under the bridge: created, among other things, are parks and a concert venue. The observation bridge is designed for pedestrians, but also for cyclists and joggers. Our project concerns the installation of commemorative plaques dedicated to Tadeusz Kosciuszko, with the approval of the New York State Department of Bridges.<br>The plaque has been hung in the busiest part of the bridge.<br><br>\u200bThe new bridge is designed to last a hundred years, and will certainly serve Americans and foreign tourists for much longer. Our proposed plaque will be made of the same material as the plaques already hanging on the bridge. Their workmanship and the durability of the material will ensure a lifespan of several hundred years.<br>\"> The project is tasked with designing, fabricating and hanging a plaque dedicated to Tadeusz Kosciuszko on the newly opened 2018 Kosciuszko Bridge in New York City. This bridge is built on the site of the old Kosciuszko Bridge, which was commissioned in the 1930s. The Kosciuszko Bridge is one of New York City's most famous transportation destinations, and the new version of the bridge has been designed with a number of attractions at and under the bridge: created, among other things, are parks and a concert venue. The observation bridge is designed for pedestrians, but also for cyclists and joggers. Our project concerns the installation of commemorative plaques dedicated to Tadeusz Kosciuszko, with the approval of the New York State Department of Bridges.<br>The plaque has been hung in the busiest part of the bridge.<br>\n                    <br>The new bridge is designed to last a hundred years, and will certainly serve Americans and foreign tourists for much longer. Our proposed plaque will be made of the same material as the plaques already hanging on the bridge. Their workmanship and the durability of the material will ensure a lifespan of several hundred years.<br>\n                  <\/p>\n                <\/div>\n              <\/div>\n              <div class=\"u-container-style u-layout-cell u-size-30 u-layout-cell-2\">\n                <div class=\"u-container-layout u-valign-top-sm u-container-layout-2\">\n                  <p class=\"u-align-justify u-text u-text-grey-50 u-text-3\" data-lang-en=\"\u200bOur project is not just about designing, making and hanging the plaque, but rather about creating an attractive tourist destination where many people will take photos of Manhattan as well as a photo with the beautiful plaque. Many Americans, New Yorkers will, thanks to this plaque, learn for the first time who Kosciuszko was and what he did, also for the United States. It will be a place for Polish ceremonies as well as school trips. We envisage a ceremony to unveil the plaque, which will certainly be mentioned in the New York media. The ceremony will be an opportunity for New Yorkers to hear about Tadeusz Ko\u015bciuszko. Thanks to the great efforts of the Polish community in New York, and in particular to the efforts of Dr Tadeusz Alberski, who was one of the most important people in the construction of the new bridge, it was possible to win the retention of the name Ko\u015bciuszko Bridge.<br><br>It should be noted that despite keeping the name Ko\u015bciuszko Bridge, this has not changed the reality that the average American, New Yorker knows absolutely nothing about Ko\u015bciuszko and his contribution to the American Revolution. Nor do they know much about Poland and our history. This plaque may be the only place in New York where many Americans and tourists from all over the world will come across the figure of Tadeusz Ko\u015bciuszko for the first time and perhaps become interested in his homeland - Poland.<br><br>On the occasion of the ceremonial unveiling of the Tadeusz Kosciuszko plaques in New York, a letter from Prime Minister Mateusz Morawiecki was issued.<br>\" data-lang-pl=\"\u200bOur project is not just about designing, making and hanging the plaque, but rather about creating an attractive tourist destination where many people will take photos of Manhattan as well as a photo with the beautiful plaque. Many Americans, New Yorkers will, thanks to this plaque, learn for the first time who Kosciuszko was and what he did, also for the United States. It will be a place for Polish ceremonies as well as school trips. We envisage a ceremony to unveil the plaque, which will certainly be mentioned in the New York media. The ceremony will be an opportunity for New Yorkers to hear about Tadeusz Ko\u015bciuszko. Thanks to the great efforts of the Polish community in New York, and in particular to the efforts of Dr Tadeusz Alberski, who was one of the most important people in the construction of the new bridge, it was possible to win the retention of the name Ko\u015bciuszko Bridge.<br><br>It should be noted that despite keeping the name Ko\u015bciuszko Bridge, this has not changed the reality that the average American, New Yorker knows absolutely nothing about Ko\u015bciuszko and his contribution to the American Revolution. Nor do they know much about Poland and our history. This plaque may be the only place in New York where many Americans and tourists from all over the world will come across the figure of Tadeusz Ko\u015bciuszko for the first time and perhaps become interested in his homeland - Poland.<br><br>On the occasion of the ceremonial unveiling of the Tadeusz Kosciuszko plaques in New York, a letter from Prime Minister Mateusz Morawiecki was issued.\"> Our project is not just about designing, making and hanging the plaque, but rather about creating an attractive tourist destination where many people will take photos of Manhattan as well as a photo with the beautiful plaque. Many Americans, New Yorkers will, thanks to this plaque, learn for the first time who Kosciuszko was and what he did, also for the United States. It will be a place for Polish ceremonies as well as school trips. We envisage a ceremony to unveil the plaque, which will certainly be mentioned in the New York media. The ceremony will be an opportunity for New Yorkers to hear about Tadeusz Ko\u015bciuszko. Thanks to the great efforts of the Polish community in New York, and in particular to the efforts of Dr Tadeusz Alberski, who was one of the most important people in the construction of the new bridge, it was possible to win the retention of the name Ko\u015bciuszko Bridge.<br>\n                    <br>It should be noted that despite keeping the name Ko\u015bciuszko Bridge, this has not changed the reality that the average American, New Yorker knows absolutely nothing about Ko\u015bciuszko and his contribution to the American Revolution. Nor do they know much about Poland and our history. This plaque may be the only place in New York where many Americans and tourists from all over the world will come across the figure of Tadeusz Ko\u015bciuszko for the first time and perhaps become interested in his homeland - Poland.<br>\n                    <br>On the occasion of the ceremonial unveiling of the Tadeusz Kosciuszko plaques in New York, a letter from Prime Minister Mateusz Morawiecki was issued. \n                  <\/p>\n                <\/div>\n              <\/div>\n            <\/div>\n          <\/div>\n        <\/div>\n        <div class=\"u-clearfix u-expanded-width u-layout-wrap u-layout-wrap-1\">\n          <div class=\"u-gutter-0 u-layout\">\n            <div class=\"u-layout-row\">\n              <div class=\"u-container-style u-layout-cell u-size-30-lg u-size-30-xl u-size-33-md u-size-33-sm u-size-33-xs u-layout-cell-1\">\n                <div class=\"u-container-layout u-valign-top u-container-layout-1\">\n                  <img class=\"u-expanded-width u-image u-image-contain u-image-default u-image-1\" src=\"https:\/\/tadeuszkosciuszko.com\/en\/wp-content\/uploads\/sites\/2\/2022\/12\/Zrzutekranu2022-10-18o09.20.34.png\" alt=\"\" data-image-width=\"1328\" data-image-height=\"1538\">\n                <\/div>\n              <\/div>\n              <div class=\"u-container-style u-layout-cell u-size-27-md u-size-27-sm u-size-27-xs u-size-30-lg u-size-30-xl u-layout-cell-2\">\n                <div class=\"u-container-layout u-container-layout-2\">\n                  <img class=\"u-expanded-width-sm u-expanded-width-xs u-image u-image-contain u-image-default u-image-2\" src=\"https:\/\/tadeuszkosciuszko.com\/en\/wp-content\/uploads\/sites\/2\/2022\/12\/Zrzutekranu2022-10-18o09.20.46.png\" alt=\"\" data-image-width=\"1298\" data-image-height=\"1540\">\n                <\/div>\n              <\/div>\n            <\/div>\n          <\/div>\n        <\/div>\n      <\/div>\n    <\/section>\n    <section class=\"u-clearfix u-section-4\" id=\"sec-c829\">\n      <div class=\"u-clearfix u-sheet u-valign-bottom-md u-valign-bottom-sm u-valign-bottom-xs u-sheet-1\">\n        <div class=\"u-align-left u-container-style u-expanded-width u-group u-shape-rectangle u-group-1\">\n          <div class=\"u-container-layout u-container-layout-1\">\n            <p class=\"u-text u-text-grey-50 u-text-1\" data-lang-en=\"\u200bInformation about the ceremonial unveiling of the plaques was also posted by the&amp;nbsp;<a href=&quot;https:\/\/poland.us\/strona,75,43197,0,ceremonia-odsloniecia-tablic-pamiatkowych-gen.-tadeusza-kosciuszki-w-nowym-jorku.html?fbclid=IwAR3KVuiggUzGuBgqw4Htbkv-RPIWkkaz6nZxWbLQjXfO07R-obRr1K2mg2k&quot; target=&quot;_blank&quot; class=&quot;u-active-none u-btn-1 u-border-none u-btn u-button-style u-hover-none u-none u-text-palette-1-base&quot; style=&quot;background-image: none; padding: 0px;&quot;>Consulate General of the Republic of Poland in New York.<\/a><br><br>The project was widely reported in the media, including by&amp;nbsp;<a href=&quot;https:\/\/www.polskieradio.pl\/399\/7978\/Artykul\/3054098,Nowy-Jork-na-moscie-imienia-Tadeusza-Kosciuszki-odslonieto-tablice-ku-jego-czci?fbclid=IwAR1a_cQiVU4qE_VSYs0ZGCqj_kPyyv0fo_CIu18-dYxH6OVK7d1sXvc_pvI&quot; target=&quot;_blank&quot; class=&quot;u-active-none u-btn-2 u-border-none u-btn u-button-style u-hover-none u-none u-text-palette-1-base&quot; style=&quot;background-image: none; padding: 0px;&quot;>Polish Radio<\/a>: &quot;Three commemorative plaques honouring General Tadeusz Kosciuszko were unveiled on Saturday on the New York Bridge named after him. Polish Prime Minister Mateusz Morawiecki addressed a letter to the participants of the ceremony, expressing his joy that the work of the great Pole, patriot, hero of Poland and the United States remains in the memory of both nations.&quot;\" data-lang-pl=\"\u200bInformacja o uroczystym ods\u0142oni\u0119ciu tablic zosta\u0142a r\u00f3wnie\u017c zamieszczona przez&amp;nbsp;<a href=&quot;https:\/\/poland.us\/strona,75,43197,0,ceremonia-odsloniecia-tablic-pamiatkowych-gen.-tadeusza-kosciuszki-w-nowym-jorku.html?fbclid=IwAR3k4KXXLvqwyPPKEuBcvPMpJIlIUkcmotV6yPQ2Apq5uQSxvHiiHQgLbO4&quot; target=&quot;_blank&quot; class=&quot;u-active-none u-border-none u-btn u-button-style u-hover-none u-none u-text-palette-1-base u-block-control u-btn-1&quot; data-block=&quot;26&quot; style=&quot;background-image: none; padding-top: 0; padding-bottom: 0; padding-left: 0; padding-right: 0&quot;>Konsulat Generalny RP w Nowym Jorku<\/a>.<br><br>Projekt by\u0142 szeroko komentowany w mediach, m.in. przez&amp;nbsp;<a href=&quot;https:\/\/www.polskieradio.pl\/399\/7978\/Artykul\/3054098,Nowy-Jork-na-moscie-imienia-Tadeusza-Kosciuszki-odslonieto-tablice-ku-jego-czci&quot; target=&quot;_blank&quot; class=&quot;u-active-none u-border-none u-btn u-button-style u-hover-none u-none u-text-palette-1-base u-block-control u-btn-2&quot; data-block=&quot;27&quot; style=&quot;background-image: none; padding-top: 0; padding-bottom: 0; padding-left: 0; padding-right: 0&quot;>Polskie Radio<\/a>: \u201eTrzy pami\u0105tkowe tablice honoruj\u0105ce genera\u0142a Tadeusza Ko\u015bciuszk\u0119 ods\u0142oni\u0119to w sobot\u0119 na mo\u015bcie nowojorskim jego imienia. List do uczestnik\u00f3w uroczysto\u015bci skierowa\u0142 premier RP Mateusz Morawiecki, wyra\u017caj\u0105c rado\u015b\u0107, \u017ce dzie\u0142o wielkiego Polaka, patrioty, bohatera Polski i Stan\u00f3w Zjednoczonych pozostaje w pami\u0119ci obydwu narod\u00f3w\u201d.<br>\"> Informacja o uroczystym ods\u0142oni\u0119ciu tablic zosta\u0142a r\u00f3wnie\u017c zamieszczona przez&nbsp;<a href=\"https:\/\/poland.us\/strona,75,43197,0,ceremonia-odsloniecia-tablic-pamiatkowych-gen.-tadeusza-kosciuszki-w-nowym-jorku.html?fbclid=IwAR3k4KXXLvqwyPPKEuBcvPMpJIlIUkcmotV6yPQ2Apq5uQSxvHiiHQgLbO4\" target=\"_blank\" class=\"u-active-none u-border-none u-btn u-button-style u-hover-none u-none u-text-palette-1-base u-btn-1\">Konsulat Generalny RP w Nowym Jorku<\/a>.<br>\n              <br>Projekt by\u0142 szeroko komentowany w mediach, m.in. przez&nbsp;<a href=\"https:\/\/www.polskieradio.pl\/399\/7978\/Artykul\/3054098,Nowy-Jork-na-moscie-imienia-Tadeusza-Kosciuszki-odslonieto-tablice-ku-jego-czci\" target=\"_blank\" class=\"u-active-none u-border-none u-btn u-button-style u-hover-none u-none u-text-palette-1-base u-btn-2\">Polskie Radio<\/a>: \u201eTrzy pami\u0105tkowe tablice honoruj\u0105ce genera\u0142a Tadeusza Ko\u015bciuszk\u0119 ods\u0142oni\u0119to w sobot\u0119 na mo\u015bcie nowojorskim jego imienia. List do uczestnik\u00f3w uroczysto\u015bci skierowa\u0142 premier RP Mateusz Morawiecki, wyra\u017caj\u0105c rado\u015b\u0107, \u017ce dzie\u0142o wielkiego Polaka, patrioty, bohatera Polski i Stan\u00f3w Zjednoczonych pozostaje w pami\u0119ci obydwu narod\u00f3w\u201d.<br>\n            <\/p>\n          <\/div>\n        <\/div>\n      <\/div>\n    <\/section>\n    <section class=\"u-align-center u-clearfix u-grey-5 u-section-5\" id=\"sec-af38\">\n      <div class=\"u-clearfix u-sheet u-valign-middle-xs u-sheet-1\">\n        <h2 class=\"u-align-left u-text u-text-default u-text-grey-50 u-text-1\" data-animation-name=\"\" data-animation-duration=\"0\" data-animation-delay=\"0\" data-animation-direction=\"\" data-lang-pl=\"Tablice\" data-lang-en=\"\u200bThe commemorative plaques\">Tablice<\/h2>\n        <div class=\"u-carousel u-expanded-width-xs u-gallery u-gallery-slider u-layout-carousel u-lightbox u-no-transition u-show-text-on-hover u-gallery-1\" id=\"carousel-f035\" data-interval=\"5000\" data-u-ride=\"carousel\">\n          <ol class=\"u-absolute-hcenter u-carousel-indicators u-carousel-indicators-1\">\n            <li data-u-target=\"#carousel-f035\" data-u-slide-to=\"0\" class=\"u-active u-grey-70 u-shape-circle\" style=\"width: 10px; height: 10px;\"><\/li>\n            <li data-u-target=\"#carousel-f035\" data-u-slide-to=\"1\" class=\"u-grey-70 u-shape-circle\" style=\"width: 10px; height: 10px;\"><\/li>\n            <li data-u-target=\"#carousel-f035\" data-u-slide-to=\"2\" class=\"u-grey-70 u-shape-circle\" style=\"width: 10px; height: 10px;\"><\/li>\n            <li data-u-target=\"#carousel-f035\" data-u-slide-to=\"3\" class=\"u-grey-70 u-shape-circle\" style=\"width: 10px; height: 10px;\"><\/li>\n            <li data-u-target=\"#carousel-f035\" data-u-slide-to=\"4\" class=\"u-grey-70 u-shape-circle\" style=\"width: 10px; height: 10px;\"><\/li>\n          <\/ol>\n          <div class=\"u-carousel-inner u-gallery-inner\" role=\"listbox\">\n            <div class=\"u-active u-carousel-item u-effect-fade u-gallery-item u-carousel-item-1\">\n              <div class=\"u-back-slide\" data-image-width=\"2560\" data-image-height=\"1617\">\n                <img class=\"u-back-image u-expanded\" src=\"https:\/\/tadeuszkosciuszko.com\/wp-content\/uploads\/2022\/11\/TabliceKosciuszkiCaosc1-scaled.jpg\" alt=\"\">\n              <\/div>\n              <div class=\"u-align-center u-over-slide u-shading u-valign-bottom u-over-slide-1\">\n                <h3 class=\"u-gallery-heading\" data-lang-pl=\"\" data-lang-en=\"\"><\/h3>\n                <p class=\"u-gallery-text\" data-lang-pl=\"\" data-lang-en=\"\"><\/p>\n              <\/div>\n            <\/div>\n            <div class=\"u-carousel-item u-effect-fade u-gallery-item u-carousel-item-2\">\n              <div class=\"u-back-slide\" data-image-width=\"2386\" data-image-height=\"1736\">\n                <img class=\"u-back-image u-expanded\" src=\"https:\/\/tadeuszkosciuszko.com\/wp-content\/uploads\/2022\/11\/TabliceKosciuszkiPortretGodaNapis.jpg\" alt=\"\">\n              <\/div>\n              <div class=\"u-align-center u-over-slide u-shading u-valign-bottom u-over-slide-2\">\n                <h3 class=\"u-gallery-heading\" data-lang-pl=\"\" data-lang-en=\"\"><\/h3>\n                <p class=\"u-gallery-text\" data-lang-pl=\"\" data-lang-en=\"\"><\/p>\n              <\/div>\n            <\/div>\n            <div class=\"u-carousel-item u-effect-fade u-gallery-item u-carousel-item-3\" data-image-width=\"2560\" data-image-height=\"1573\">\n              <div class=\"u-back-slide\">\n                <img class=\"u-back-image u-expanded\" src=\"https:\/\/tadeuszkosciuszko.com\/wp-content\/uploads\/2022\/11\/TabliceKosciuszkiWestPointMilitaryAcademy-scaled.jpg\">\n              <\/div>\n              <div class=\"u-align-center u-over-slide u-shading u-valign-bottom u-over-slide-3\">\n                <h3 class=\"u-gallery-heading\" data-lang-pl=\"\" data-lang-en=\"\"><\/h3>\n                <p class=\"u-gallery-text\" data-lang-pl=\"\" data-lang-en=\"\"><\/p>\n              <\/div>\n              <style data-mode=\"XL\"><\/style>\n              <style data-mode=\"LG\"><\/style>\n              <style data-mode=\"MD\" data-visited=\"true\"><\/style>\n              <style data-mode=\"SM\"><\/style>\n              <style data-mode=\"XS\"><\/style>\n            <\/div>\n            <div class=\"u-carousel-item u-effect-fade u-gallery-item u-carousel-item-4\" data-image-width=\"1640\" data-image-height=\"1284\">\n              <div class=\"u-back-slide\">\n                <img class=\"u-back-image u-expanded\" src=\"https:\/\/tadeuszkosciuszko.com\/wp-content\/uploads\/2022\/11\/TabliceKosciuszkiTablicaGowna.jpg\">\n              <\/div>\n              <div class=\"u-align-center u-over-slide u-shading u-valign-bottom u-over-slide-4\">\n                <h3 class=\"u-gallery-heading\" data-lang-pl=\"\" data-lang-en=\"\"><\/h3>\n                <p class=\"u-gallery-text\" data-lang-pl=\"\" data-lang-en=\"\"><\/p>\n              <\/div>\n              <style data-mode=\"XL\"><\/style>\n              <style data-mode=\"LG\"><\/style>\n              <style data-mode=\"MD\" data-visited=\"true\"><\/style>\n              <style data-mode=\"SM\"><\/style>\n              <style data-mode=\"XS\"><\/style>\n            <\/div>\n            <div class=\"u-carousel-item u-effect-fade u-gallery-item u-carousel-item-5\" data-image-width=\"2156\" data-image-height=\"1338\">\n              <div class=\"u-back-slide\">\n                <img class=\"u-back-image u-expanded\" src=\"https:\/\/tadeuszkosciuszko.com\/wp-content\/uploads\/2022\/11\/TabliceKosciuszkiBattleofSaratoga.jpg\">\n              <\/div>\n              <div class=\"u-align-center u-over-slide u-shading u-valign-bottom u-over-slide-5\">\n                <h3 class=\"u-gallery-heading\" data-lang-pl=\"\" data-lang-en=\"\"><\/h3>\n                <p class=\"u-gallery-text\" data-lang-pl=\"\" data-lang-en=\"\"><\/p>\n              <\/div>\n              <style data-mode=\"XL\"><\/style>\n              <style data-mode=\"LG\"><\/style>\n              <style data-mode=\"MD\" data-visited=\"true\"><\/style>\n              <style data-mode=\"SM\"><\/style>\n              <style data-mode=\"XS\"><\/style>\n            <\/div>\n          <\/div>\n          <a class=\"u-absolute-vcenter u-carousel-control u-carousel-control-prev u-grey-70 u-hidden-sm u-hidden-xs u-icon-circle u-opacity u-opacity-70 u-spacing-10 u-text-white u-carousel-control-1\" href=\"#carousel-f035\" role=\"button\" data-u-slide=\"prev\">\n            <span aria-hidden=\"true\">\n              <svg viewBox=\"0 0 451.847 451.847\"><path d=\"M97.141,225.92c0-8.095,3.091-16.192,9.259-22.366L300.689,9.27c12.359-12.359,32.397-12.359,44.751,0\nc12.354,12.354,12.354,32.388,0,44.748L173.525,225.92l171.903,171.909c12.354,12.354,12.354,32.391,0,44.744\nc-12.354,12.365-32.386,12.365-44.745,0l-194.29-194.281C100.226,242.115,97.141,234.018,97.141,225.92z\"><\/path><\/svg>\n            <\/span>\n            <span class=\"sr-only\">\n              <svg viewBox=\"0 0 451.847 451.847\"><path d=\"M97.141,225.92c0-8.095,3.091-16.192,9.259-22.366L300.689,9.27c12.359-12.359,32.397-12.359,44.751,0\nc12.354,12.354,12.354,32.388,0,44.748L173.525,225.92l171.903,171.909c12.354,12.354,12.354,32.391,0,44.744\nc-12.354,12.365-32.386,12.365-44.745,0l-194.29-194.281C100.226,242.115,97.141,234.018,97.141,225.92z\"><\/path><\/svg>\n            <\/span>\n          <\/a>\n          <a class=\"u-absolute-vcenter u-carousel-control u-carousel-control-next u-grey-70 u-hidden-sm u-hidden-xs u-icon-circle u-opacity u-opacity-70 u-spacing-10 u-text-white u-carousel-control-2\" href=\"#carousel-f035\" role=\"button\" data-u-slide=\"next\">\n            <span aria-hidden=\"true\">\n              <svg viewBox=\"0 0 451.846 451.847\"><path d=\"M345.441,248.292L151.154,442.573c-12.359,12.365-32.397,12.365-44.75,0c-12.354-12.354-12.354-32.391,0-44.744\nL278.318,225.92L106.409,54.017c-12.354-12.359-12.354-32.394,0-44.748c12.354-12.359,32.391-12.359,44.75,0l194.287,194.284\nc6.177,6.18,9.262,14.271,9.262,22.366C354.708,234.018,351.617,242.115,345.441,248.292z\"><\/path><\/svg>\n            <\/span>\n            <span class=\"sr-only\">\n              <svg viewBox=\"0 0 451.846 451.847\"><path d=\"M345.441,248.292L151.154,442.573c-12.359,12.365-32.397,12.365-44.75,0c-12.354-12.354-12.354-32.391,0-44.744\nL278.318,225.92L106.409,54.017c-12.354-12.359-12.354-32.394,0-44.748c12.354-12.359,32.391-12.359,44.75,0l194.287,194.284\nc6.177,6.18,9.262,14.271,9.262,22.366C354.708,234.018,351.617,242.115,345.441,248.292z\"><\/path><\/svg>\n            <\/span>\n          <\/a>\n        <\/div>\n      <\/div>\n    <\/section>\n    <section class=\"u-clearfix u-grey-10 u-section-6\" id=\"sec-92bd\">\n      <div class=\"u-clearfix u-sheet u-sheet-1\">\n        <div class=\"u-blog u-expanded-width u-layout-grid u-pagination-center u-blog-1\" data-max-items=\"4\">\n          <div class=\"u-repeater u-repeater-1\">\n          <\/div>\n          <div class=\"u-list-control\">\n          <\/div>\n        <\/div>\n      <\/div>\n    <\/section>\n    \n    \n  \n","protected":false},"excerpt":{"rendered":"<p>Let&#8217;s tell&nbsp;the Americans about our history:&nbsp;&nbsp;Tadeusz Kosciuszko The project is tasked with designing, fabricating and hanging a plaque dedicated to Tadeusz Kosciuszko on the newly opened 2018 Kosciuszko Bridge in New York City. This bridge is built on the site of the old Kosciuszko Bridge, which was commissioned in the 1930s. The Kosciuszko Bridge is &hellip; <a href=\"https:\/\/tadeuszkosciuszko.com\/en\/project\/\" class=\"more-link\">Continue reading<span class=\"screen-reader-text\"> &#8220;Project&#8221;<\/span><\/a><\/p>\n","protected":false},"author":1,"featured_media":0,"parent":0,"menu_order":5,"comment_status":"closed","ping_status":"closed","template":"","meta":[],"_links":{"self":[{"href":"https:\/\/tadeuszkosciuszko.com\/en\/wp-json\/wp\/v2\/pages\/34"}],"collection":[{"href":"https:\/\/tadeuszkosciuszko.com\/en\/wp-json\/wp\/v2\/pages"}],"about":[{"href":"https:\/\/tadeuszkosciuszko.com\/en\/wp-json\/wp\/v2\/types\/page"}],"author":[{"embeddable":true,"href":"https:\/\/tadeuszkosciuszko.com\/en\/wp-json\/wp\/v2\/users\/1"}],"replies":[{"embeddable":true,"href":"https:\/\/tadeuszkosciuszko.com\/en\/wp-json\/wp\/v2\/comments?post=34"}],"version-history":[{"count":3,"href":"https:\/\/tadeuszkosciuszko.com\/en\/wp-json\/wp\/v2\/pages\/34\/revisions"}],"predecessor-version":[{"id":92,"href":"https:\/\/tadeuszkosciuszko.com\/en\/wp-json\/wp\/v2\/pages\/34\/revisions\/92"}],"wp:attachment":[{"href":"https:\/\/tadeuszkosciuszko.com\/en\/wp-json\/wp\/v2\/media?parent=34"}],"curies":[{"name":"wp","href":"https:\/\/api.w.org\/{rel}","templated":true}]}}